{"id":565,"date":"2022-04-15T01:56:39","date_gmt":"2022-04-15T01:56:39","guid":{"rendered":"https:\/\/www.ceaelvolante1.com\/?page_id=565"},"modified":"2024-08-15T17:17:41","modified_gmt":"2024-08-15T17:17:41","slug":"curso","status":"publish","type":"page","link":"https:\/\/www.ceaelvolante1.com\/index.php\/curso\/","title":{"rendered":"CURSOS"},"content":{"rendered":"\t\t<div data-elementor-type=\"wp-page\" data-elementor-id=\"565\" class=\"elementor elementor-565\">\n\t\t\t\t\t\t<section class=\"elementor-section elementor-top-section elementor-element elementor-element-ec7e380 elementor-section-full_width elementor-section-height-default elementor-section-height-default\" data-id=\"ec7e380\" data-element_type=\"section\" data-e-type=\"section\">\n\t\t\t\t\t\t<div class=\"elementor-container elementor-column-gap-default\">\n\t\t\t\t\t<div class=\"elementor-column elementor-col-100 elementor-top-column elementor-element elementor-element-5307b6a\" data-id=\"5307b6a\" data-element_type=\"column\" data-e-type=\"column\">\n\t\t\t<div class=\"elementor-widget-wrap elementor-element-populated\">\n\t\t\t\t\t\t<div class=\"elementor-element elementor-element-0e7c5b6 elementor-widget elementor-widget-image\" data-id=\"0e7c5b6\" data-element_type=\"widget\" data-e-type=\"widget\" data-widget_type=\"image.default\">\n\t\t\t\t<div class=\"elementor-widget-container\">\n\t\t\t\t\t\t\t\t\t\t\t\t\t\t\t<img decoding=\"async\" src=\"https:\/\/www.ceaelvolante1.com\/wp-content\/uploads\/elementor\/thumbs\/BANNER-CURSO-pn7ys0vmr5y24sd0a3i6i6a70xdgohz3cm829xio4g.jpg\" title=\"BANNER-CURSO\" alt=\"BANNER-CURSO\" loading=\"lazy\" \/>\t\t\t\t\t\t\t\t\t\t\t\t\t\t\t<\/div>\n\t\t\t\t<\/div>\n\t\t\t\t\t<\/div>\n\t\t<\/div>\n\t\t\t\t\t<\/div>\n\t\t<\/section>\n\t\t\t\t<section class=\"elementor-section elementor-top-section elementor-element elementor-element-ba09fa1 elementor-section-boxed elementor-section-height-default elementor-section-height-default\" data-id=\"ba09fa1\" data-element_type=\"section\" data-e-type=\"section\">\n\t\t\t\t\t\t<div class=\"elementor-container elementor-column-gap-default\">\n\t\t\t\t\t<div class=\"elementor-column elementor-col-50 elementor-top-column elementor-element elementor-element-46766d6\" data-id=\"46766d6\" data-element_type=\"column\" data-e-type=\"column\">\n\t\t\t<div class=\"elementor-widget-wrap elementor-element-populated\">\n\t\t\t\t\t\t<div class=\"elementor-element elementor-element-8dafe72 elementor-invisible elementor-widget elementor-widget-accordion\" data-id=\"8dafe72\" data-element_type=\"widget\" data-e-type=\"widget\" data-settings=\"{&quot;motion_fx_motion_fx_scrolling&quot;:&quot;yes&quot;,&quot;_animation&quot;:&quot;slideInLeft&quot;,&quot;motion_fx_devices&quot;:[&quot;desktop&quot;,&quot;tablet&quot;,&quot;mobile&quot;]}\" data-widget_type=\"accordion.default\">\n\t\t\t\t<div class=\"elementor-widget-container\">\n\t\t\t\t\t\t\t<div class=\"elementor-accordion\">\n\t\t\t\t\t\t\t<div class=\"elementor-accordion-item\">\n\t\t\t\t\t<h4 id=\"elementor-tab-title-1481\" class=\"elementor-tab-title\" data-tab=\"1\" role=\"button\" aria-controls=\"elementor-tab-content-1481\" aria-expanded=\"false\">\n\t\t\t\t\t\t\t\t\t\t\t\t<a class=\"elementor-accordion-title\" tabindex=\"0\">CURSO MOTO A1<\/a>\n\t\t\t\t\t<\/h4>\n\t\t\t\t\t<div id=\"elementor-tab-content-1481\" class=\"elementor-tab-content elementor-clearfix\" data-tab=\"1\" role=\"region\" aria-labelledby=\"elementor-tab-title-1481\"><p>Categoria A1 le sirve para conducir motocicleta, moto triciclos con cilindraje hasta 125c.<\/p><p>INCLUYE:<\/p><ul><li>Clases te\u00f3ricas (28 horas).<\/li><li>Clases pr\u00e1cticas ( 8 clases de pr\u00e1ctica ).<\/li><li>Examen M\u00e9dico.<\/li><li>Derechos de tr\u00e1nsito.<\/li><li>Certificado de la academia.<\/li><\/ul><p><img fetchpriority=\"high\" decoding=\"async\" class=\"aligncenter wp-image-299 size-medium\" src=\"https:\/\/www.ceaelvolante1.com\/wp-content\/uploads\/2022\/04\/A1-255x300.png\" alt=\"\" width=\"255\" height=\"300\" srcset=\"https:\/\/www.ceaelvolante1.com\/wp-content\/uploads\/2022\/04\/A1-255x300.png 255w, https:\/\/www.ceaelvolante1.com\/wp-content\/uploads\/2022\/04\/A1.png 668w\" sizes=\"(max-width: 255px) 100vw, 255px\" \/><\/p><\/div>\n\t\t\t\t<\/div>\n\t\t\t\t\t\t\t<div class=\"elementor-accordion-item\">\n\t\t\t\t\t<h4 id=\"elementor-tab-title-1482\" class=\"elementor-tab-title\" data-tab=\"2\" role=\"button\" aria-controls=\"elementor-tab-content-1482\" aria-expanded=\"false\">\n\t\t\t\t\t\t\t\t\t\t\t\t<a class=\"elementor-accordion-title\" tabindex=\"0\">CURSO MOTO A2<\/a>\n\t\t\t\t\t<\/h4>\n\t\t\t\t\t<div id=\"elementor-tab-content-1482\" class=\"elementor-tab-content elementor-clearfix\" data-tab=\"2\" role=\"region\" aria-labelledby=\"elementor-tab-title-1482\"><p>Categoria A2 le sirve para conducir\u00a0 cualquier motocicleta de cilindraje.<\/p><p>INCLUYE:<\/p><ul><li>Clases te\u00f3ricas (28 horas).<\/li><li>Clases pr\u00e1cticas ( 14 clases de pr\u00e1ctica ).<\/li><li>Examen M\u00e9dico.<\/li><li>Derechos de tr\u00e1nsito.<\/li><li>Certificado de la academia.<\/li><\/ul><p><img decoding=\"async\" class=\"aligncenter wp-image-300 size-medium\" src=\"https:\/\/www.ceaelvolante1.com\/wp-content\/uploads\/2022\/04\/A2-255x300.png\" alt=\"\" width=\"255\" height=\"300\" srcset=\"https:\/\/www.ceaelvolante1.com\/wp-content\/uploads\/2022\/04\/A2-255x300.png 255w, https:\/\/www.ceaelvolante1.com\/wp-content\/uploads\/2022\/04\/A2.png 668w\" sizes=\"(max-width: 255px) 100vw, 255px\" \/><\/p><\/div>\n\t\t\t\t<\/div>\n\t\t\t\t\t\t\t<div class=\"elementor-accordion-item\">\n\t\t\t\t\t<h4 id=\"elementor-tab-title-1483\" class=\"elementor-tab-title\" data-tab=\"3\" role=\"button\" aria-controls=\"elementor-tab-content-1483\" aria-expanded=\"false\">\n\t\t\t\t\t\t\t\t\t\t\t\t<a class=\"elementor-accordion-title\" tabindex=\"0\">CURSO CARRO B1<\/a>\n\t\t\t\t\t<\/h4>\n\t\t\t\t\t<div id=\"elementor-tab-content-1483\" class=\"elementor-tab-content elementor-clearfix\" data-tab=\"3\" role=\"region\" aria-labelledby=\"elementor-tab-title-1483\"><p>Categoria B1 le sirve para conducir vehiculos de placas amarillas (Particulares), motocarros, microb\u00fas hasta 18 pasajeros, camperos, camionetas, autom\u00f3vil, carro motor, cami\u00f3n hasta 3 toneladas.<\/p><p>INCLUYE:<\/p><ul><li>Clases te\u00f3ricas (28 horas).<\/li><li>Clases pr\u00e1cticas ( 19 clases de pr\u00e1ctica ).<\/li><li>Examen M\u00e9dico.<\/li><li>Derechos de tr\u00e1nsito.<\/li><li>Certificado de la academia.<\/li><\/ul><p><img decoding=\"async\" class=\"aligncenter wp-image-329 size-medium\" src=\"https:\/\/www.ceaelvolante1.com\/wp-content\/uploads\/2022\/04\/B1-255x300.png\" alt=\"\" width=\"255\" height=\"300\" srcset=\"https:\/\/www.ceaelvolante1.com\/wp-content\/uploads\/2022\/04\/B1-255x300.png 255w, https:\/\/www.ceaelvolante1.com\/wp-content\/uploads\/2022\/04\/B1.png 668w\" sizes=\"(max-width: 255px) 100vw, 255px\" \/><\/p><\/div>\n\t\t\t\t<\/div>\n\t\t\t\t\t\t\t<div class=\"elementor-accordion-item\">\n\t\t\t\t\t<h4 id=\"elementor-tab-title-1484\" class=\"elementor-tab-title\" data-tab=\"4\" role=\"button\" aria-controls=\"elementor-tab-content-1484\" aria-expanded=\"false\">\n\t\t\t\t\t\t\t\t\t\t\t\t<a class=\"elementor-accordion-title\" tabindex=\"0\">CURSO CARRO C1<\/a>\n\t\t\t\t\t<\/h4>\n\t\t\t\t\t<div id=\"elementor-tab-content-1484\" class=\"elementor-tab-content elementor-clearfix\" data-tab=\"4\" role=\"region\" aria-labelledby=\"elementor-tab-title-1484\"><p>Categoria C1 le sirve para conducir vehiculos de placas amarillas y blancas (Particulares y P\u00fablicos), motocarros, microb\u00fas de 18 o m\u00e1s pasajeros, camperos, camionetas, autom\u00f3vil, carro motor, camiones 3 o m\u00e1s toneladas.<\/p><p>INCLUYE:<\/p><ul><li>Clases te\u00f3ricas (35 horas).<\/li><li>Clases pr\u00e1cticas ( 29 clases de pr\u00e1ctica ).<\/li><li>Examen M\u00e9dico.<\/li><li>Derechos de tr\u00e1nsito.<\/li><li>Certificado de la academia.<\/li><\/ul><p><img loading=\"lazy\" decoding=\"async\" class=\"aligncenter wp-image-333 size-medium\" src=\"https:\/\/www.ceaelvolante1.com\/wp-content\/uploads\/2022\/04\/C1-255x300.png\" alt=\"\" width=\"255\" height=\"300\" srcset=\"https:\/\/www.ceaelvolante1.com\/wp-content\/uploads\/2022\/04\/C1-255x300.png 255w, https:\/\/www.ceaelvolante1.com\/wp-content\/uploads\/2022\/04\/C1.png 668w\" sizes=\"(max-width: 255px) 100vw, 255px\" \/><\/p><\/div>\n\t\t\t\t<\/div>\n\t\t\t\t\t\t\t<div class=\"elementor-accordion-item\">\n\t\t\t\t\t<h4 id=\"elementor-tab-title-1485\" class=\"elementor-tab-title\" data-tab=\"5\" role=\"button\" aria-controls=\"elementor-tab-content-1485\" aria-expanded=\"false\">\n\t\t\t\t\t\t\t\t\t\t\t\t<a class=\"elementor-accordion-title\" tabindex=\"0\">PERMISO INTERNACIONAL<\/a>\n\t\t\t\t\t<\/h4>\n\t\t\t\t\t<div id=\"elementor-tab-content-1485\" class=\"elementor-tab-content elementor-clearfix\" data-tab=\"5\" role=\"region\" aria-labelledby=\"elementor-tab-title-1485\"><p><strong>Un tr\u00e1mite f\u00e1cil y r\u00e1pido.<\/strong><\/p><p>Maneja tranquilo en el extranjero con este documento valido por 1 a\u00f1o.<\/p><p><strong>Requisitos:<\/strong><\/p><ul><li>Licencia colombiana<\/li><li>C\u00e9dula<\/li><li>2 fotos<\/li><\/ul><p><strong>Duraci\u00f3n del tr\u00e1mite:\u00a0<\/strong><\/p><ul><li>5 &#8211; 10 d\u00edas<\/li><\/ul><p>Si estas en el extranjero el valor del envio corre por cuenta del cliente.<\/p><p><img decoding=\"async\" class=\"aligncenter wp-image-202\" src=\"https:\/\/www.ceaelvolante1.com\/wp-content\/uploads\/2022\/04\/certificate_icon_155896.svg\" alt=\"\" width=\"200\" \/><\/p><\/div>\n\t\t\t\t<\/div>\n\t\t\t\t\t\t\t<div class=\"elementor-accordion-item\">\n\t\t\t\t\t<h4 id=\"elementor-tab-title-1486\" class=\"elementor-tab-title\" data-tab=\"6\" role=\"button\" aria-controls=\"elementor-tab-content-1486\" aria-expanded=\"false\">\n\t\t\t\t\t\t\t\t\t\t\t\t<a class=\"elementor-accordion-title\" tabindex=\"0\">COMBO A2 - B1<\/a>\n\t\t\t\t\t<\/h4>\n\t\t\t\t\t<div id=\"elementor-tab-content-1486\" class=\"elementor-tab-content elementor-clearfix\" data-tab=\"6\" role=\"region\" aria-labelledby=\"elementor-tab-title-1486\"><p>Combo motocicleta A2 y carro B1<\/p><p><strong>INCLUYE:<\/strong><\/p><ul><li>Clases te\u00f3ricas (28 horas).<\/li><li>Clases pr\u00e1cticas carro ( 19 clases ).<\/li><li>Clases pr\u00e1cticas motocicleta (14 clases)<\/li><li>Examen M\u00e9dico.<\/li><li>Derechos de tr\u00e1nsito.<\/li><li>Certificado de la academia.<\/li><\/ul><p><img loading=\"lazy\" decoding=\"async\" class=\"aligncenter wp-image-386 size-large\" src=\"https:\/\/www.ceaelvolante1.com\/wp-content\/uploads\/2022\/04\/combo-A2-B1-1024x576.png\" alt=\"\" width=\"1024\" height=\"576\" srcset=\"https:\/\/www.ceaelvolante1.com\/wp-content\/uploads\/2022\/04\/combo-A2-B1-1024x576.png 1024w, https:\/\/www.ceaelvolante1.com\/wp-content\/uploads\/2022\/04\/combo-A2-B1-300x169.png 300w, https:\/\/www.ceaelvolante1.com\/wp-content\/uploads\/2022\/04\/combo-A2-B1-768x432.png 768w, https:\/\/www.ceaelvolante1.com\/wp-content\/uploads\/2022\/04\/combo-A2-B1.png 1320w\" sizes=\"(max-width: 1024px) 100vw, 1024px\" \/><\/p><\/div>\n\t\t\t\t<\/div>\n\t\t\t\t\t\t\t<div class=\"elementor-accordion-item\">\n\t\t\t\t\t<h4 id=\"elementor-tab-title-1487\" class=\"elementor-tab-title\" data-tab=\"7\" role=\"button\" aria-controls=\"elementor-tab-content-1487\" aria-expanded=\"false\">\n\t\t\t\t\t\t\t\t\t\t\t\t<a class=\"elementor-accordion-title\" tabindex=\"0\">CURSO A2 - C1<\/a>\n\t\t\t\t\t<\/h4>\n\t\t\t\t\t<div id=\"elementor-tab-content-1487\" class=\"elementor-tab-content elementor-clearfix\" data-tab=\"7\" role=\"region\" aria-labelledby=\"elementor-tab-title-1487\"><p>Combo motocicleta A2 y carro C1<\/p><p><strong>INCLUYE:<\/strong><\/p><ul><li>Clases te\u00f3ricas (35 horas).<\/li><li>Clases pr\u00e1cticas carro ( 29 clases ).<\/li><li>Clases pr\u00e1cticas motocicleta (14 clases)<\/li><li>Examen M\u00e9dico.<\/li><li>Derechos de tr\u00e1nsito.<\/li><li>Certificado de la academia.<\/li><\/ul><p><img loading=\"lazy\" decoding=\"async\" class=\"aligncenter size-large wp-image-382\" src=\"https:\/\/www.ceaelvolante1.com\/wp-content\/uploads\/2022\/04\/combo-a2-c1-1024x576.png\" alt=\"\" width=\"1024\" height=\"576\" srcset=\"https:\/\/www.ceaelvolante1.com\/wp-content\/uploads\/2022\/04\/combo-a2-c1-1024x576.png 1024w, https:\/\/www.ceaelvolante1.com\/wp-content\/uploads\/2022\/04\/combo-a2-c1-300x169.png 300w, https:\/\/www.ceaelvolante1.com\/wp-content\/uploads\/2022\/04\/combo-a2-c1-768x432.png 768w, https:\/\/www.ceaelvolante1.com\/wp-content\/uploads\/2022\/04\/combo-a2-c1.png 1320w\" sizes=\"(max-width: 1024px) 100vw, 1024px\" \/><\/p><\/div>\n\t\t\t\t<\/div>\n\t\t\t\t\t\t\t<div class=\"elementor-accordion-item\">\n\t\t\t\t\t<h4 id=\"elementor-tab-title-1488\" class=\"elementor-tab-title\" data-tab=\"8\" role=\"button\" aria-controls=\"elementor-tab-content-1488\" aria-expanded=\"false\">\n\t\t\t\t\t\t\t\t\t\t\t\t<a class=\"elementor-accordion-title\" tabindex=\"0\">RECATEGORIZACI\u00d3N<\/a>\n\t\t\t\t\t<\/h4>\n\t\t\t\t\t<div id=\"elementor-tab-content-1488\" class=\"elementor-tab-content elementor-clearfix\" data-tab=\"8\" role=\"region\" aria-labelledby=\"elementor-tab-title-1488\"><p>Recategorizaci\u00f3n: Al realizar este proceso le sirve para conducir veh\u00edculos de placas blancas y amarillas (p\u00fablico y particulares), motocarros, microb\u00fas hasta 18 pasajeros, camperos, camionetas, autom\u00f3vil, cami\u00f3n hasta 3 toneladas.<\/p><p><strong>INCLUYE:<\/strong><\/p><ul><li>Clases te\u00f3ricas (5 horas).<\/li><li>Clases pr\u00e1cticas\u00a0 ( 9 clases ).<\/li><li>Examen M\u00e9dico.<\/li><li>Derechos de tr\u00e1nsito.<\/li><li>Certificado de la academia.<\/li><\/ul><p><img loading=\"lazy\" decoding=\"async\" class=\"aligncenter size-full wp-image-394\" src=\"https:\/\/www.ceaelvolante1.com\/wp-content\/uploads\/2022\/04\/RECATEGORIZACION2.png\" alt=\"\" width=\"924\" height=\"210\" srcset=\"https:\/\/www.ceaelvolante1.com\/wp-content\/uploads\/2022\/04\/RECATEGORIZACION2.png 924w, https:\/\/www.ceaelvolante1.com\/wp-content\/uploads\/2022\/04\/RECATEGORIZACION2-300x68.png 300w, https:\/\/www.ceaelvolante1.com\/wp-content\/uploads\/2022\/04\/RECATEGORIZACION2-768x175.png 768w\" sizes=\"(max-width: 924px) 100vw, 924px\" \/><\/p><\/div>\n\t\t\t\t<\/div>\n\t\t\t\t\t\t\t\t<\/div>\n\t\t\t\t\t\t<\/div>\n\t\t\t\t<\/div>\n\t\t\t\t\t<\/div>\n\t\t<\/div>\n\t\t\t\t<div class=\"elementor-column elementor-col-50 elementor-top-column elementor-element elementor-element-98a87e1\" data-id=\"98a87e1\" data-element_type=\"column\" data-e-type=\"column\">\n\t\t\t<div class=\"elementor-widget-wrap elementor-element-populated\">\n\t\t\t\t\t\t<div class=\"elementor-element elementor-element-c9c2059 elementor-widget elementor-widget-image\" data-id=\"c9c2059\" data-element_type=\"widget\" data-e-type=\"widget\" data-widget_type=\"image.default\">\n\t\t\t\t<div class=\"elementor-widget-container\">\n\t\t\t\t\t\t\t\t\t\t\t\t\t\t\t<img loading=\"lazy\" decoding=\"async\" width=\"1086\" height=\"1238\" src=\"https:\/\/www.ceaelvolante1.com\/wp-content\/uploads\/2022\/04\/cursos.png\" class=\"attachment-full size-full wp-image-536\" alt=\"\" srcset=\"https:\/\/www.ceaelvolante1.com\/wp-content\/uploads\/2022\/04\/cursos.png 1086w, https:\/\/www.ceaelvolante1.com\/wp-content\/uploads\/2022\/04\/cursos-263x300.png 263w, https:\/\/www.ceaelvolante1.com\/wp-content\/uploads\/2022\/04\/cursos-898x1024.png 898w, https:\/\/www.ceaelvolante1.com\/wp-content\/uploads\/2022\/04\/cursos-768x875.png 768w\" sizes=\"(max-width: 1086px) 100vw, 1086px\" \/>\t\t\t\t\t\t\t\t\t\t\t\t\t\t\t<\/div>\n\t\t\t\t<\/div>\n\t\t\t\t\t<\/div>\n\t\t<\/div>\n\t\t\t\t\t<\/div>\n\t\t<\/section>\n\t\t\t\t<\/div>\n\t\t","protected":false},"excerpt":{"rendered":"<p>CURSO MOTO A1 Categoria A1 le sirve para conducir motocicleta, moto triciclos con cilindraje hasta 125c. INCLUYE: Clases te\u00f3ricas (28 horas). Clases pr\u00e1cticas ( 8 clases de pr\u00e1ctica ). Examen M\u00e9dico. Derechos de tr\u00e1nsito. Certificado de la academia. CURSO MOTO A2 Categoria A2 le sirve para conducir\u00a0 cualquier motocicleta de cilindraje. INCLUYE: Clases te\u00f3ricas (28 [&hellip;]<\/p>\n","protected":false},"author":1,"featured_media":0,"parent":0,"menu_order":0,"comment_status":"closed","ping_status":"closed","template":"elementor_header_footer","meta":{"_glsr_average":0,"_glsr_ranking":0,"_glsr_reviews":0,"footnotes":""},"class_list":["post-565","page","type-page","status-publish","hentry"],"_links":{"self":[{"href":"https:\/\/www.ceaelvolante1.com\/index.php\/wp-json\/wp\/v2\/pages\/565","targetHints":{"allow":["GET"]}}],"collection":[{"href":"https:\/\/www.ceaelvolante1.com\/index.php\/wp-json\/wp\/v2\/pages"}],"about":[{"href":"https:\/\/www.ceaelvolante1.com\/index.php\/wp-json\/wp\/v2\/types\/page"}],"author":[{"embeddable":true,"href":"https:\/\/www.ceaelvolante1.com\/index.php\/wp-json\/wp\/v2\/users\/1"}],"replies":[{"embeddable":true,"href":"https:\/\/www.ceaelvolante1.com\/index.php\/wp-json\/wp\/v2\/comments?post=565"}],"version-history":[{"count":81,"href":"https:\/\/www.ceaelvolante1.com\/index.php\/wp-json\/wp\/v2\/pages\/565\/revisions"}],"predecessor-version":[{"id":1042,"href":"https:\/\/www.ceaelvolante1.com\/index.php\/wp-json\/wp\/v2\/pages\/565\/revisions\/1042"}],"wp:attachment":[{"href":"https:\/\/www.ceaelvolante1.com\/index.php\/wp-json\/wp\/v2\/media?parent=565"}],"curies":[{"name":"wp","href":"https:\/\/api.w.org\/{rel}","templated":true}]}}